{"id":388,"date":"2019-02-13T08:29:52","date_gmt":"2019-02-13T07:29:52","guid":{"rendered":"http:\/\/kucharczyk.pl\/?page_id=388"},"modified":"2025-03-10T12:17:34","modified_gmt":"2025-03-10T11:17:34","slug":"parter-pokoj-nr-1-zewnetrzny","status":"publish","type":"page","link":"https:\/\/kucharczyk.pl\/?page_id=388","title":{"rendered":"parter &#8211; pok\u00f3j nr 1 zewn\u0119trzny"},"content":{"rendered":"\n<div class=\"wp-block-booking-booking\"><\/div>\n\n\n\n<div style=\"height:100px\" aria-hidden=\"true\" class=\"wp-block-spacer\"><\/div>\n\n\n\n<h2 class=\"wp-block-heading has-text-align-center\"><strong>parter &#8211; pok\u00f3j nr 1<\/strong><\/h2>\n\n\n\n<p class=\"has-text-align-center\">powierzchnia pokoju 22.3 m2 plus \u0142azienka 3.5 m2, lokalizacja pokoju w kierunku wschodnim, w pokoju znajduj\u0105 si\u0119 dwa okna skierowane &#8211; na wsch\u00f3d i na po\u0142udnie<\/p>\n\n\n\n<p class=\"has-text-align-center\"><strong>wyposa\u017cenie pokoju:<\/strong>\u00a0TV 32 LED oko\u0142o 25 kana\u0142\u00f3w w tym 15 polskoj\u0119zycznych, dwa \u0142\u00f3\u017cka dwuosobowe o <a href=\"http:\/\/kucharczyk.pl\/wp-content\/uploads\/2025\/03\/waga-a-twardosc-materaca.jpg\" target=\"_blank\" rel=\"noreferrer noopener nofollow\">twardo\u015bci H5<\/a> \/zdrowe na kr\u0119gos\u0142up!\/, czajnik, ma\u0142a ch\u0142odziarka, kuchenka mikrofalowa, sprz\u0119t pla\u017cowy le\u017cak i parawan. \u0141azienka z umywalk\u0105, prysznicem oraz toalet\u0105 do wy\u0142\u0105cznej dyspozycji znajduje si\u0119 w pokoju.<\/p>\n\n\n\n<p class=\"has-text-align-center\">Osobne wej\u015bcie od strony ogr\u00f3dka, polecany szczeg\u00f3lnie dla rodzin z ma\u0142ymi dzie\u0107mi<\/p>\n\n\n\n<p><\/p>\n\n\n\n<div style=\"height:100px\" aria-hidden=\"true\" class=\"wp-block-spacer\"><\/div>\n\n\n\n<p><\/p>\n\n\n<div class=\"wp-block-image is-style-rounded\">\n<figure class=\"aligncenter size-large\"><img loading=\"lazy\" decoding=\"async\" width=\"1024\" height=\"684\" src=\"http:\/\/kucharczyk.pl\/wp-content\/uploads\/2022\/07\/IMG_0416-1024x684.jpg\" alt=\"\" class=\"wp-image-1110\" srcset=\"https:\/\/kucharczyk.pl\/wp-content\/uploads\/2022\/07\/IMG_0416-1024x684.jpg 1024w, https:\/\/kucharczyk.pl\/wp-content\/uploads\/2022\/07\/IMG_0416-300x200.jpg 300w, https:\/\/kucharczyk.pl\/wp-content\/uploads\/2022\/07\/IMG_0416-768x513.jpg 768w, https:\/\/kucharczyk.pl\/wp-content\/uploads\/2022\/07\/IMG_0416-1536x1026.jpg 1536w, https:\/\/kucharczyk.pl\/wp-content\/uploads\/2022\/07\/IMG_0416-2048x1368.jpg 2048w\" sizes=\"auto, (max-width: 1024px) 100vw, 1024px\" \/><\/figure>\n<\/div>\n\n\n<div style=\"height:100px\" aria-hidden=\"true\" class=\"wp-block-spacer\"><\/div>\n\n\n<div class=\"wp-block-image\">\n<figure class=\"aligncenter size-large\"><img decoding=\"async\" src=\"http:\/\/kucharczyk.pl\/wp-content\/uploads\/2024\/08\/IMG20240723142725-scaled.jpg\" alt=\"\"\/><\/figure>\n<\/div>\n\n\n<div style=\"height:100px\" aria-hidden=\"true\" class=\"wp-block-spacer\"><\/div>\n\n\n\n<p><\/p>\n\n\n<div class=\"wp-block-image\">\n<figure class=\"aligncenter size-large\"><img loading=\"lazy\" decoding=\"async\" width=\"1024\" height=\"768\" src=\"http:\/\/kucharczyk.pl\/wp-content\/uploads\/2024\/08\/IMG20240723142739-1024x768.jpg\" alt=\"\" class=\"wp-image-1246\" srcset=\"https:\/\/kucharczyk.pl\/wp-content\/uploads\/2024\/08\/IMG20240723142739-1024x768.jpg 1024w, https:\/\/kucharczyk.pl\/wp-content\/uploads\/2024\/08\/IMG20240723142739-300x225.jpg 300w, https:\/\/kucharczyk.pl\/wp-content\/uploads\/2024\/08\/IMG20240723142739-768x576.jpg 768w, https:\/\/kucharczyk.pl\/wp-content\/uploads\/2024\/08\/IMG20240723142739-1536x1152.jpg 1536w, https:\/\/kucharczyk.pl\/wp-content\/uploads\/2024\/08\/IMG20240723142739-2048x1536.jpg 2048w\" sizes=\"auto, (max-width: 1024px) 100vw, 1024px\" \/><\/figure>\n<\/div>\n\n\n<div style=\"height:100px\" aria-hidden=\"true\" class=\"wp-block-spacer\"><\/div>\n\n\n<div class=\"wp-block-image\">\n<figure class=\"aligncenter size-large\"><img loading=\"lazy\" decoding=\"async\" width=\"1024\" height=\"768\" src=\"http:\/\/kucharczyk.pl\/wp-content\/uploads\/2024\/08\/IMG20240723142808-1024x768.jpg\" alt=\"\" class=\"wp-image-1247\" srcset=\"https:\/\/kucharczyk.pl\/wp-content\/uploads\/2024\/08\/IMG20240723142808-1024x768.jpg 1024w, https:\/\/kucharczyk.pl\/wp-content\/uploads\/2024\/08\/IMG20240723142808-300x225.jpg 300w, https:\/\/kucharczyk.pl\/wp-content\/uploads\/2024\/08\/IMG20240723142808-768x576.jpg 768w, https:\/\/kucharczyk.pl\/wp-content\/uploads\/2024\/08\/IMG20240723142808-1536x1152.jpg 1536w, https:\/\/kucharczyk.pl\/wp-content\/uploads\/2024\/08\/IMG20240723142808-2048x1536.jpg 2048w\" sizes=\"auto, (max-width: 1024px) 100vw, 1024px\" \/><\/figure>\n<\/div>\n\n\n<div style=\"height:100px\" aria-hidden=\"true\" class=\"wp-block-spacer\"><\/div>\n\n\n<div class=\"wp-block-image\">\n<figure class=\"aligncenter size-large\"><img loading=\"lazy\" decoding=\"async\" width=\"1024\" height=\"768\" src=\"http:\/\/kucharczyk.pl\/wp-content\/uploads\/2024\/08\/IMG20240723142843-1024x768.jpg\" alt=\"\" class=\"wp-image-1249\" srcset=\"https:\/\/kucharczyk.pl\/wp-content\/uploads\/2024\/08\/IMG20240723142843-1024x768.jpg 1024w, https:\/\/kucharczyk.pl\/wp-content\/uploads\/2024\/08\/IMG20240723142843-300x225.jpg 300w, https:\/\/kucharczyk.pl\/wp-content\/uploads\/2024\/08\/IMG20240723142843-768x576.jpg 768w, https:\/\/kucharczyk.pl\/wp-content\/uploads\/2024\/08\/IMG20240723142843-1536x1152.jpg 1536w, https:\/\/kucharczyk.pl\/wp-content\/uploads\/2024\/08\/IMG20240723142843-2048x1536.jpg 2048w\" sizes=\"auto, (max-width: 1024px) 100vw, 1024px\" \/><\/figure>\n<\/div>\n\n\n<div style=\"height:100px\" aria-hidden=\"true\" class=\"wp-block-spacer\"><\/div>\n\n\n<div class=\"wp-block-image\">\n<figure class=\"aligncenter size-large\"><img loading=\"lazy\" decoding=\"async\" width=\"1024\" height=\"768\" src=\"http:\/\/kucharczyk.pl\/wp-content\/uploads\/2024\/08\/IMG20240723142716-1024x768.jpg\" alt=\"\" class=\"wp-image-1244\" srcset=\"https:\/\/kucharczyk.pl\/wp-content\/uploads\/2024\/08\/IMG20240723142716-1024x768.jpg 1024w, https:\/\/kucharczyk.pl\/wp-content\/uploads\/2024\/08\/IMG20240723142716-300x225.jpg 300w, https:\/\/kucharczyk.pl\/wp-content\/uploads\/2024\/08\/IMG20240723142716-768x576.jpg 768w, https:\/\/kucharczyk.pl\/wp-content\/uploads\/2024\/08\/IMG20240723142716-1536x1152.jpg 1536w, https:\/\/kucharczyk.pl\/wp-content\/uploads\/2024\/08\/IMG20240723142716-2048x1536.jpg 2048w\" sizes=\"auto, (max-width: 1024px) 100vw, 1024px\" \/><\/figure>\n<\/div>\n\n\n<div style=\"height:100px\" aria-hidden=\"true\" class=\"wp-block-spacer\"><\/div>\n\n\n<div class=\"wp-block-image\">\n<figure class=\"aligncenter size-large\"><img loading=\"lazy\" decoding=\"async\" width=\"1024\" height=\"768\" src=\"http:\/\/kucharczyk.pl\/wp-content\/uploads\/2024\/08\/IMG20240723142906-1024x768.jpg\" alt=\"\" class=\"wp-image-1250\" srcset=\"https:\/\/kucharczyk.pl\/wp-content\/uploads\/2024\/08\/IMG20240723142906-1024x768.jpg 1024w, https:\/\/kucharczyk.pl\/wp-content\/uploads\/2024\/08\/IMG20240723142906-300x225.jpg 300w, https:\/\/kucharczyk.pl\/wp-content\/uploads\/2024\/08\/IMG20240723142906-768x576.jpg 768w, https:\/\/kucharczyk.pl\/wp-content\/uploads\/2024\/08\/IMG20240723142906-1536x1152.jpg 1536w, https:\/\/kucharczyk.pl\/wp-content\/uploads\/2024\/08\/IMG20240723142906-2048x1536.jpg 2048w\" sizes=\"auto, (max-width: 1024px) 100vw, 1024px\" \/><\/figure>\n<\/div>\n\n\n<div style=\"height:100px\" aria-hidden=\"true\" class=\"wp-block-spacer\"><\/div>\n\n\n<div class=\"wp-block-image\">\n<figure class=\"aligncenter size-large\"><img loading=\"lazy\" decoding=\"async\" width=\"1024\" height=\"768\" src=\"http:\/\/kucharczyk.pl\/wp-content\/uploads\/2024\/08\/IMG20240723143007-1024x768.jpg\" alt=\"\" class=\"wp-image-1253\" srcset=\"https:\/\/kucharczyk.pl\/wp-content\/uploads\/2024\/08\/IMG20240723143007-1024x768.jpg 1024w, https:\/\/kucharczyk.pl\/wp-content\/uploads\/2024\/08\/IMG20240723143007-300x225.jpg 300w, https:\/\/kucharczyk.pl\/wp-content\/uploads\/2024\/08\/IMG20240723143007-768x576.jpg 768w, https:\/\/kucharczyk.pl\/wp-content\/uploads\/2024\/08\/IMG20240723143007-1536x1152.jpg 1536w, https:\/\/kucharczyk.pl\/wp-content\/uploads\/2024\/08\/IMG20240723143007-2048x1536.jpg 2048w\" sizes=\"auto, (max-width: 1024px) 100vw, 1024px\" \/><\/figure>\n<\/div>\n\n\n<p><\/p>\n\n\n\n<p class=\"has-text-align-center has-medium-font-size\"><\/p>\n\n\n\n<p><\/p>\n","protected":false},"excerpt":{"rendered":"<p>parter &#8211; pok\u00f3j nr 1 powierzchnia pokoju 22.3 m2 plus \u0142azienka 3.5 m2, lokalizacja pokoju w kierunku wschodnim, w pokoju znajduj\u0105 si\u0119 dwa okna skierowane &#8211; na wsch\u00f3d i na po\u0142udnie wyposa\u017cenie pokoju:\u00a0TV 32 LED oko\u0142o 25 kana\u0142\u00f3w w tym 15 polskoj\u0119zycznych, dwa \u0142\u00f3\u017cka dwuosobowe o twardo\u015bci H5 \/zdrowe na kr\u0119gos\u0142up!\/, czajnik, ma\u0142a ch\u0142odziarka, kuchenka &#8230; <a title=\"parter &#8211; pok\u00f3j nr 1 zewn\u0119trzny\" class=\"read-more\" href=\"https:\/\/kucharczyk.pl\/?page_id=388\">Blog czytaj dalej <\/a><\/p>\n","protected":false},"author":1,"featured_media":0,"parent":0,"menu_order":0,"comment_status":"closed","ping_status":"closed","template":"","meta":{"footnotes":""},"class_list":["post-388","page","type-page","status-publish"],"yoast_head":"<!-- This site is optimized with the Yoast SEO plugin v23.3 - https:\/\/yoast.com\/wordpress\/plugins\/seo\/ -->\n<title>parter - pok\u00f3j nr 1 zewn\u0119trzny - \u015awinouj\u015bcie wczasy nad morzem<\/title>\n<meta name=\"robots\" content=\"index, follow, max-snippet:-1, max-image-preview:large, max-video-preview:-1\" \/>\n<link rel=\"canonical\" href=\"https:\/\/kucharczyk.pl\/?page_id=388\" \/>\n<meta property=\"og:locale\" content=\"pl_PL\" \/>\n<meta property=\"og:type\" content=\"article\" \/>\n<meta property=\"og:title\" content=\"parter - pok\u00f3j nr 1 zewn\u0119trzny - \u015awinouj\u015bcie wczasy nad morzem\" \/>\n<meta property=\"og:description\" content=\"parter &#8211; pok\u00f3j nr 1 powierzchnia pokoju 22.3 m2 plus \u0142azienka 3.5 m2, lokalizacja pokoju w kierunku wschodnim, w pokoju znajduj\u0105 si\u0119 dwa okna skierowane &#8211; na wsch\u00f3d i na po\u0142udnie wyposa\u017cenie pokoju:\u00a0TV 32 LED oko\u0142o 25 kana\u0142\u00f3w w tym 15 polskoj\u0119zycznych, dwa \u0142\u00f3\u017cka dwuosobowe o twardo\u015bci H5 \/zdrowe na kr\u0119gos\u0142up!\/, czajnik, ma\u0142a ch\u0142odziarka, kuchenka ... Blog czytaj dalej\" \/>\n<meta property=\"og:url\" content=\"https:\/\/kucharczyk.pl\/?page_id=388\" \/>\n<meta property=\"og:site_name\" content=\"\u015awinouj\u015bcie wczasy nad morzem\" \/>\n<meta property=\"article:modified_time\" content=\"2025-03-10T11:17:34+00:00\" \/>\n<meta property=\"og:image\" content=\"http:\/\/kucharczyk.pl\/wp-content\/uploads\/2022\/07\/IMG_0416-1024x684.jpg\" \/>\n<meta name=\"twitter:card\" content=\"summary_large_image\" \/>\n<meta name=\"twitter:label1\" content=\"Szacowany czas czytania\" \/>\n\t<meta name=\"twitter:data1\" content=\"3 minuty\" \/>\n<script type=\"application\/ld+json\" class=\"yoast-schema-graph\">{\"@context\":\"https:\/\/schema.org\",\"@graph\":[{\"@type\":\"WebPage\",\"@id\":\"https:\/\/kucharczyk.pl\/?page_id=388\",\"url\":\"https:\/\/kucharczyk.pl\/?page_id=388\",\"name\":\"parter - pok\u00f3j nr 1 zewn\u0119trzny - \u015awinouj\u015bcie wczasy nad morzem\",\"isPartOf\":{\"@id\":\"https:\/\/kucharczyk.pl\/#website\"},\"primaryImageOfPage\":{\"@id\":\"https:\/\/kucharczyk.pl\/?page_id=388#primaryimage\"},\"image\":{\"@id\":\"https:\/\/kucharczyk.pl\/?page_id=388#primaryimage\"},\"thumbnailUrl\":\"http:\/\/kucharczyk.pl\/wp-content\/uploads\/2022\/07\/IMG_0416-1024x684.jpg\",\"datePublished\":\"2019-02-13T07:29:52+00:00\",\"dateModified\":\"2025-03-10T11:17:34+00:00\",\"breadcrumb\":{\"@id\":\"https:\/\/kucharczyk.pl\/?page_id=388#breadcrumb\"},\"inLanguage\":\"pl-PL\",\"potentialAction\":[{\"@type\":\"ReadAction\",\"target\":[\"https:\/\/kucharczyk.pl\/?page_id=388\"]}]},{\"@type\":\"ImageObject\",\"inLanguage\":\"pl-PL\",\"@id\":\"https:\/\/kucharczyk.pl\/?page_id=388#primaryimage\",\"url\":\"http:\/\/kucharczyk.pl\/wp-content\/uploads\/2022\/07\/IMG_0416-1024x684.jpg\",\"contentUrl\":\"http:\/\/kucharczyk.pl\/wp-content\/uploads\/2022\/07\/IMG_0416-1024x684.jpg\"},{\"@type\":\"BreadcrumbList\",\"@id\":\"https:\/\/kucharczyk.pl\/?page_id=388#breadcrumb\",\"itemListElement\":[{\"@type\":\"ListItem\",\"position\":1,\"name\":\"Strona g\u0142\u00f3wna\",\"item\":\"https:\/\/kucharczyk.pl\/\"},{\"@type\":\"ListItem\",\"position\":2,\"name\":\"parter &#8211; pok\u00f3j nr 1 zewn\u0119trzny\"}]},{\"@type\":\"WebSite\",\"@id\":\"https:\/\/kucharczyk.pl\/#website\",\"url\":\"https:\/\/kucharczyk.pl\/\",\"name\":\"\u015awinouj\u015bcie wczasy nad morzem\",\"description\":\"Noclegi w pokojach go\u015bcinnych\",\"potentialAction\":[{\"@type\":\"SearchAction\",\"target\":{\"@type\":\"EntryPoint\",\"urlTemplate\":\"https:\/\/kucharczyk.pl\/?s={search_term_string}\"},\"query-input\":\"required name=search_term_string\"}],\"inLanguage\":\"pl-PL\"}]}<\/script>\n<!-- \/ Yoast SEO plugin. -->","yoast_head_json":{"title":"parter - pok\u00f3j nr 1 zewn\u0119trzny - \u015awinouj\u015bcie wczasy nad morzem","robots":{"index":"index","follow":"follow","max-snippet":"max-snippet:-1","max-image-preview":"max-image-preview:large","max-video-preview":"max-video-preview:-1"},"canonical":"https:\/\/kucharczyk.pl\/?page_id=388","og_locale":"pl_PL","og_type":"article","og_title":"parter - pok\u00f3j nr 1 zewn\u0119trzny - \u015awinouj\u015bcie wczasy nad morzem","og_description":"parter &#8211; pok\u00f3j nr 1 powierzchnia pokoju 22.3 m2 plus \u0142azienka 3.5 m2, lokalizacja pokoju w kierunku wschodnim, w pokoju znajduj\u0105 si\u0119 dwa okna skierowane &#8211; na wsch\u00f3d i na po\u0142udnie wyposa\u017cenie pokoju:\u00a0TV 32 LED oko\u0142o 25 kana\u0142\u00f3w w tym 15 polskoj\u0119zycznych, dwa \u0142\u00f3\u017cka dwuosobowe o twardo\u015bci H5 \/zdrowe na kr\u0119gos\u0142up!\/, czajnik, ma\u0142a ch\u0142odziarka, kuchenka ... Blog czytaj dalej","og_url":"https:\/\/kucharczyk.pl\/?page_id=388","og_site_name":"\u015awinouj\u015bcie wczasy nad morzem","article_modified_time":"2025-03-10T11:17:34+00:00","og_image":[{"url":"http:\/\/kucharczyk.pl\/wp-content\/uploads\/2022\/07\/IMG_0416-1024x684.jpg"}],"twitter_card":"summary_large_image","twitter_misc":{"Szacowany czas czytania":"3 minuty"},"schema":{"@context":"https:\/\/schema.org","@graph":[{"@type":"WebPage","@id":"https:\/\/kucharczyk.pl\/?page_id=388","url":"https:\/\/kucharczyk.pl\/?page_id=388","name":"parter - pok\u00f3j nr 1 zewn\u0119trzny - \u015awinouj\u015bcie wczasy nad morzem","isPartOf":{"@id":"https:\/\/kucharczyk.pl\/#website"},"primaryImageOfPage":{"@id":"https:\/\/kucharczyk.pl\/?page_id=388#primaryimage"},"image":{"@id":"https:\/\/kucharczyk.pl\/?page_id=388#primaryimage"},"thumbnailUrl":"http:\/\/kucharczyk.pl\/wp-content\/uploads\/2022\/07\/IMG_0416-1024x684.jpg","datePublished":"2019-02-13T07:29:52+00:00","dateModified":"2025-03-10T11:17:34+00:00","breadcrumb":{"@id":"https:\/\/kucharczyk.pl\/?page_id=388#breadcrumb"},"inLanguage":"pl-PL","potentialAction":[{"@type":"ReadAction","target":["https:\/\/kucharczyk.pl\/?page_id=388"]}]},{"@type":"ImageObject","inLanguage":"pl-PL","@id":"https:\/\/kucharczyk.pl\/?page_id=388#primaryimage","url":"http:\/\/kucharczyk.pl\/wp-content\/uploads\/2022\/07\/IMG_0416-1024x684.jpg","contentUrl":"http:\/\/kucharczyk.pl\/wp-content\/uploads\/2022\/07\/IMG_0416-1024x684.jpg"},{"@type":"BreadcrumbList","@id":"https:\/\/kucharczyk.pl\/?page_id=388#breadcrumb","itemListElement":[{"@type":"ListItem","position":1,"name":"Strona g\u0142\u00f3wna","item":"https:\/\/kucharczyk.pl\/"},{"@type":"ListItem","position":2,"name":"parter &#8211; pok\u00f3j nr 1 zewn\u0119trzny"}]},{"@type":"WebSite","@id":"https:\/\/kucharczyk.pl\/#website","url":"https:\/\/kucharczyk.pl\/","name":"\u015awinouj\u015bcie wczasy nad morzem","description":"Noclegi w pokojach go\u015bcinnych","potentialAction":[{"@type":"SearchAction","target":{"@type":"EntryPoint","urlTemplate":"https:\/\/kucharczyk.pl\/?s={search_term_string}"},"query-input":"required name=search_term_string"}],"inLanguage":"pl-PL"}]}},"_links":{"self":[{"href":"https:\/\/kucharczyk.pl\/index.php?rest_route=\/wp\/v2\/pages\/388","targetHints":{"allow":["GET"]}}],"collection":[{"href":"https:\/\/kucharczyk.pl\/index.php?rest_route=\/wp\/v2\/pages"}],"about":[{"href":"https:\/\/kucharczyk.pl\/index.php?rest_route=\/wp\/v2\/types\/page"}],"author":[{"embeddable":true,"href":"https:\/\/kucharczyk.pl\/index.php?rest_route=\/wp\/v2\/users\/1"}],"replies":[{"embeddable":true,"href":"https:\/\/kucharczyk.pl\/index.php?rest_route=%2Fwp%2Fv2%2Fcomments&post=388"}],"version-history":[{"count":44,"href":"https:\/\/kucharczyk.pl\/index.php?rest_route=\/wp\/v2\/pages\/388\/revisions"}],"predecessor-version":[{"id":1443,"href":"https:\/\/kucharczyk.pl\/index.php?rest_route=\/wp\/v2\/pages\/388\/revisions\/1443"}],"wp:attachment":[{"href":"https:\/\/kucharczyk.pl\/index.php?rest_route=%2Fwp%2Fv2%2Fmedia&parent=388"}],"curies":[{"name":"wp","href":"https:\/\/api.w.org\/{rel}","templated":true}]}}