{"id":56,"date":"2019-01-26T22:56:20","date_gmt":"2019-01-26T22:56:20","guid":{"rendered":"http:\/\/kucharczyk.pl\/?page_id=56"},"modified":"2025-12-04T11:38:28","modified_gmt":"2025-12-04T10:38:28","slug":"aktualnosci","status":"publish","type":"page","link":"https:\/\/kucharczyk.pl\/","title":{"rendered":"Aktualno\u015bci"},"content":{"rendered":"\n<p><\/p>\n\n\n\n<p><\/p>\n\n\n\n<h2 class=\"wp-block-heading has-text-align-center\"><strong><a href=\"https:\/\/magazyn.travelist.pl\/top-10-ranking-polskich-plaz\/#swinoujscie\" target=\"_blank\" rel=\"noreferrer noopener nofollow\">TOP 10 Ranking polskich pla\u017c 2025<\/a><\/strong><\/h2>\n\n\n\n<p class=\"has-text-align-center\"><a href=\"https:\/\/magazyn.travelist.pl\/top-10-ranking-polskich-plaz\/#swinoujscie\" target=\"_blank\" rel=\"noreferrer noopener nofollow\">Pla\u017ca w \u015awinouj\u015bciu na 1 miejscu w rankingu polskich pla\u017c wed\u0142ug Travelist.pl<\/a><\/p>\n\n\n\n<p><\/p>\n\n\n\n<p class=\"has-text-align-center\"><strong>Szanowni Pa\u0144stwo,  <\/strong><\/p>\n\n\n\n<p class=\"has-text-align-center\">Naszym celem jest zapewnienie pa\u0144stwu jak najwi\u0119kszego komfortu wypoczynku.<\/p>\n\n\n\n<p class=\"has-text-align-center\">Oferujemy zakwaterowanie nad Morzem Ba\u0142tyckim w \u015awinouj\u015bciu, zaledwie kilometr od granicy niemieckiej i najpi\u0119kniejszej pla\u017cy w Europie. <\/p>\n\n\n\n<p class=\"has-text-align-center\">Do Pa\u0144stwa dyspozycji oferujemy pokoje 2-osobowe oraz 4-osobowe z \u0142azienkami.<br>Ka\u017cdy pok\u00f3j urz\u0105dzony zosta\u0142 w ciep\u0142ej kolorystyce. Zdj\u0119cia naszych pokoj\u00f3w mo\u017cna zobaczy\u0107 na naszych stronach www.<br>Pokoje wyposa\u017cone s\u0105 w \u0142\u00f3\u017cka jedno lub dwuosobowe, biurko, krzes\u0142a, szafki nocne, szaf\u0119 na odzie\u017c, r\u0119czniki, TV LED 32&#8243;, Internet WiFi, czajnik, mini-lod\u00f3wk\u0119, parawany i le\u017caki.<\/p>\n\n\n\n<p class=\"has-text-align-center\">Na ka\u017cdym pi\u0119trze znajduje si\u0119 aneks kuchenny z kuchenk\u0105 mikrofalow\u0105.<\/p>\n\n\n\n<p class=\"has-text-align-center\"><br>&nbsp;Nasz obiekt oddalony jest o ok. 3 km od dworca kolejowego \u015awinouj\u015bcie. <a href=\"https:\/\/www.google.com\/maps\/place\/Leopolda+Staffa+20,+72-600+%C5%9Awinouj%C5%9Bcie\/@53.9220355,14.2171625,14z\/data=!4m5!3m4!1s0x47aa58b8d1691cd1:0x18a4abe733bef94b!8m2!3d53.9200106!4d14.2282498?hl=pl-PL\" target=\"_blank\" rel=\"noreferrer noopener\">Od pla\u017cy dzieli nas w linii prostej ok. 800 metr\u00f3w czyli 15-20 minut spacerem<\/a>. Nasze osiedle &#8222;Posejdon&#8221; jest usytuowane kilometr od przej\u015bcia granicznego \u015awinouj\u015bcie\/Ahlbeck. Po niemieckiej stronie w odleg\u0142o\u015bci 3 do 8 km znajduj\u0105 si\u0119 trzy znane i cenione kurorty ba\u0142tyckie Ahlbeck, Heringsdorf i Bansin, dotrze\u0107 tam mo\u017cna promenad\u0105 spacerow\u0105, rowerem lub samochodem. Atrakcj\u0105 s\u0105 rejsy <a href=\"https:\/\/www.facebook.com\/RejsySwinoujscie\/?locale=pl_PL\" target=\"_blank\" rel=\"noreferrer noopener nofollow\">statkiem wycieczkowym &#8222;Chateubriand&#8221;<\/a>. Nasza lokalizacja stanowi doskona\u0142\u0105 baz\u0119 do zwiedzania przepi\u0119knych wysp \u015awinouj\u015bcia.<br><br>\u015awinouj\u015bcie nale\u017cy do najatrakcyjniejszych teren\u00f3w w wojew\u00f3dztwie zachodniopomorskim. Pod wzgl\u0119dem walor\u00f3w turystycznych i \u015brodowiska przyrodniczego czysta i z pewno\u015bci\u0105 najszersza pla\u017ca, las sosnowy na znacznych obszarach, atrakcyjne szlaki turystyczne oraz specyficzny mikroklimat o walorach zdrowotnych. W\u015br\u00f3d <a href=\"https:\/\/meteor-turystyka.pl\/noclegi,swinoujscie,0.html\">nocleg\u00f3w w \u015awinouj\u015bciu<\/a> ka\u017cdy mo\u017ce znale\u017a\u0107 doskona\u0142e warunki do wypoczynku i rekreacji. Mamy nadziej\u0119 i\u017c po zapoznaniu si\u0119 z nasza ofert\u0105 zdecydujecie si\u0119 na wypoczynek nad morzem Ba\u0142tyckim.<\/p>\n\n\n\n<p class=\"has-text-align-center\">Zapraszamy!<\/p>\n\n\n\n<div style=\"height:100px\" aria-hidden=\"true\" class=\"wp-block-spacer\"><\/div>\n\n\n<div class=\"wp-block-image\">\n<figure class=\"aligncenter size-full\"><a href=\"https:\/\/www.noclegowo.pl\/noclegi\/swinoujscie\/?partner_id=e3894.77442\" target=\"_blank\" rel=\" noreferrer noopener\"><img loading=\"lazy\" decoding=\"async\" width=\"240\" height=\"120\" src=\"http:\/\/kucharczyk.pl\/wp-content\/uploads\/2025\/03\/jestesmypartnerem.png\" alt=\"\" class=\"wp-image-1464\"\/><\/a><\/figure>\n<\/div>\n\n\n<div style=\"height:100px\" aria-hidden=\"true\" class=\"wp-block-spacer\"><\/div>\n\n\n<div class=\"wp-block-image\">\n<figure class=\"aligncenter size-large\"><a href=\"https:\/\/certyfikat.pot.gov.pl\/mapa-obiektow\" target=\"_blank\" rel=\"noopener\"><img loading=\"lazy\" decoding=\"async\" width=\"724\" height=\"1024\" src=\"http:\/\/kucharczyk.pl\/wp-content\/uploads\/2022\/01\/cert-724x1024.jpg\" alt=\"\" class=\"wp-image-1032\" srcset=\"https:\/\/kucharczyk.pl\/wp-content\/uploads\/2022\/01\/cert-724x1024.jpg 724w, https:\/\/kucharczyk.pl\/wp-content\/uploads\/2022\/01\/cert-212x300.jpg 212w, https:\/\/kucharczyk.pl\/wp-content\/uploads\/2022\/01\/cert-768x1086.jpg 768w, https:\/\/kucharczyk.pl\/wp-content\/uploads\/2022\/01\/cert-1086x1536.jpg 1086w, https:\/\/kucharczyk.pl\/wp-content\/uploads\/2022\/01\/cert-1448x2048.jpg 1448w, https:\/\/kucharczyk.pl\/wp-content\/uploads\/2022\/01\/cert.jpg 1653w\" sizes=\"auto, (max-width: 724px) 100vw, 724px\" \/><\/a><\/figure>\n<\/div>\n\n\n<div style=\"height:100px\" aria-hidden=\"true\" class=\"wp-block-spacer\"><\/div>\n\n\n<div class=\"wp-block-image is-style-rounded\">\n<figure class=\"aligncenter size-large\"><img loading=\"lazy\" decoding=\"async\" width=\"1024\" height=\"553\" src=\"http:\/\/kucharczyk.pl\/wp-content\/uploads\/2021\/06\/front-1024x553.jpg\" alt=\"\" class=\"wp-image-765\" srcset=\"https:\/\/kucharczyk.pl\/wp-content\/uploads\/2021\/06\/front-1024x553.jpg 1024w, https:\/\/kucharczyk.pl\/wp-content\/uploads\/2021\/06\/front-300x162.jpg 300w, https:\/\/kucharczyk.pl\/wp-content\/uploads\/2021\/06\/front-768x414.jpg 768w, https:\/\/kucharczyk.pl\/wp-content\/uploads\/2021\/06\/front-1536x829.jpg 1536w, https:\/\/kucharczyk.pl\/wp-content\/uploads\/2021\/06\/front.jpg 1731w\" sizes=\"auto, (max-width: 1024px) 100vw, 1024px\" \/><\/figure>\n<\/div>\n\n\n<div style=\"height:100px\" aria-hidden=\"true\" class=\"wp-block-spacer\"><\/div>\n\n\n\n<h2 class=\"wp-block-heading has-text-align-center\"><strong><a href=\"https:\/\/www.polskieradio.pl\/7\/5586\/Artykul\/2953151,Tunel-twierdza-latarnia-morska-i-najpiekniejsze-plaze-w-Polsce-Jedyne-takie-miejsce-w-Swinoujsciu\" target=\"_blank\" rel=\"noreferrer noopener nofollow\">\u015awinouj\u015bcie &#8222;Jedyne takie miejsce&#8221; audycja Polskiego Radia PR1 z dnia 7 maja 2022 r.<\/a><\/strong><\/h2>\n\n\n\n<h2 class=\"wp-block-heading has-text-align-center\"><a href=\"https:\/\/static.prsa.pl\/068d65c6-3b9d-4784-9904-423a2b8f2897.mp3\" target=\"_blank\" rel=\"noreferrer noopener nofollow\">cz\u0119\u015b\u0107 1 <\/a>   <a href=\"https:\/\/static.prsa.pl\/00528d70-9325-4cca-a373-95ada83c779e.mp3\" target=\"_blank\" rel=\"noreferrer noopener nofollow\">cz\u0119\u015b\u0107 2<\/a>   <a href=\"https:\/\/static.prsa.pl\/191a64fc-48e3-4fe7-9344-782c65aba531.mp3\" target=\"_blank\" rel=\"noreferrer noopener nofollow\">cz\u0119\u015b\u0107 3<\/a><\/h2>\n\n\n\n<p><\/p>\n","protected":false},"excerpt":{"rendered":"<p>TOP 10 Ranking polskich pla\u017c 2025 Pla\u017ca w \u015awinouj\u015bciu na 1 miejscu w rankingu polskich pla\u017c wed\u0142ug Travelist.pl Szanowni Pa\u0144stwo, Naszym celem jest zapewnienie pa\u0144stwu jak najwi\u0119kszego komfortu wypoczynku. Oferujemy zakwaterowanie nad Morzem Ba\u0142tyckim w \u015awinouj\u015bciu, zaledwie kilometr od granicy niemieckiej i najpi\u0119kniejszej pla\u017cy w Europie. Do Pa\u0144stwa dyspozycji oferujemy pokoje 2-osobowe oraz 4-osobowe z &#8230; <a title=\"Aktualno\u015bci\" class=\"read-more\" href=\"https:\/\/kucharczyk.pl\/\">Blog czytaj dalej <\/a><\/p>\n","protected":false},"author":1,"featured_media":0,"parent":0,"menu_order":0,"comment_status":"closed","ping_status":"closed","template":"","meta":{"footnotes":""},"class_list":["post-56","page","type-page","status-publish"],"yoast_head":"<!-- This site is optimized with the Yoast SEO plugin v23.3 - https:\/\/yoast.com\/wordpress\/plugins\/seo\/ -->\n<title>Aktualno\u015bci - \u015awinouj\u015bcie wczasy nad morzem<\/title>\n<meta name=\"robots\" content=\"index, follow, max-snippet:-1, max-image-preview:large, max-video-preview:-1\" \/>\n<link rel=\"canonical\" href=\"https:\/\/kucharczyk.pl\/\" \/>\n<meta property=\"og:locale\" content=\"pl_PL\" \/>\n<meta property=\"og:type\" content=\"article\" \/>\n<meta property=\"og:title\" content=\"Aktualno\u015bci - \u015awinouj\u015bcie wczasy nad morzem\" \/>\n<meta property=\"og:description\" content=\"TOP 10 Ranking polskich pla\u017c 2025 Pla\u017ca w \u015awinouj\u015bciu na 1 miejscu w rankingu polskich pla\u017c wed\u0142ug Travelist.pl Szanowni Pa\u0144stwo, Naszym celem jest zapewnienie pa\u0144stwu jak najwi\u0119kszego komfortu wypoczynku. Oferujemy zakwaterowanie nad Morzem Ba\u0142tyckim w \u015awinouj\u015bciu, zaledwie kilometr od granicy niemieckiej i najpi\u0119kniejszej pla\u017cy w Europie. Do Pa\u0144stwa dyspozycji oferujemy pokoje 2-osobowe oraz 4-osobowe z ... Blog czytaj dalej\" \/>\n<meta property=\"og:url\" content=\"https:\/\/kucharczyk.pl\/\" \/>\n<meta property=\"og:site_name\" content=\"\u015awinouj\u015bcie wczasy nad morzem\" \/>\n<meta property=\"article:modified_time\" content=\"2025-12-04T10:38:28+00:00\" \/>\n<meta property=\"og:image\" content=\"http:\/\/kucharczyk.pl\/wp-content\/uploads\/2025\/03\/jestesmypartnerem.png\" \/>\n<meta name=\"twitter:card\" content=\"summary_large_image\" \/>\n<meta name=\"twitter:label1\" content=\"Szacowany czas czytania\" \/>\n\t<meta name=\"twitter:data1\" content=\"3 minuty\" \/>\n<script type=\"application\/ld+json\" class=\"yoast-schema-graph\">{\"@context\":\"https:\/\/schema.org\",\"@graph\":[{\"@type\":\"WebPage\",\"@id\":\"https:\/\/kucharczyk.pl\/\",\"url\":\"https:\/\/kucharczyk.pl\/\",\"name\":\"Aktualno\u015bci - \u015awinouj\u015bcie wczasy nad morzem\",\"isPartOf\":{\"@id\":\"https:\/\/kucharczyk.pl\/#website\"},\"primaryImageOfPage\":{\"@id\":\"https:\/\/kucharczyk.pl\/#primaryimage\"},\"image\":{\"@id\":\"https:\/\/kucharczyk.pl\/#primaryimage\"},\"thumbnailUrl\":\"http:\/\/kucharczyk.pl\/wp-content\/uploads\/2025\/03\/jestesmypartnerem.png\",\"datePublished\":\"2019-01-26T22:56:20+00:00\",\"dateModified\":\"2025-12-04T10:38:28+00:00\",\"breadcrumb\":{\"@id\":\"https:\/\/kucharczyk.pl\/#breadcrumb\"},\"inLanguage\":\"pl-PL\",\"potentialAction\":[{\"@type\":\"ReadAction\",\"target\":[\"https:\/\/kucharczyk.pl\/\"]}]},{\"@type\":\"ImageObject\",\"inLanguage\":\"pl-PL\",\"@id\":\"https:\/\/kucharczyk.pl\/#primaryimage\",\"url\":\"https:\/\/kucharczyk.pl\/wp-content\/uploads\/2025\/03\/jestesmypartnerem.png\",\"contentUrl\":\"https:\/\/kucharczyk.pl\/wp-content\/uploads\/2025\/03\/jestesmypartnerem.png\",\"width\":240,\"height\":120},{\"@type\":\"BreadcrumbList\",\"@id\":\"https:\/\/kucharczyk.pl\/#breadcrumb\",\"itemListElement\":[{\"@type\":\"ListItem\",\"position\":1,\"name\":\"Strona g\u0142\u00f3wna\",\"item\":\"https:\/\/kucharczyk.pl\/\"},{\"@type\":\"ListItem\",\"position\":2,\"name\":\"Aktualno\u015bci\"}]},{\"@type\":\"WebSite\",\"@id\":\"https:\/\/kucharczyk.pl\/#website\",\"url\":\"https:\/\/kucharczyk.pl\/\",\"name\":\"\u015awinouj\u015bcie wczasy nad morzem\",\"description\":\"Noclegi w pokojach go\u015bcinnych\",\"potentialAction\":[{\"@type\":\"SearchAction\",\"target\":{\"@type\":\"EntryPoint\",\"urlTemplate\":\"https:\/\/kucharczyk.pl\/?s={search_term_string}\"},\"query-input\":\"required name=search_term_string\"}],\"inLanguage\":\"pl-PL\"}]}<\/script>\n<!-- \/ Yoast SEO plugin. -->","yoast_head_json":{"title":"Aktualno\u015bci - \u015awinouj\u015bcie wczasy nad morzem","robots":{"index":"index","follow":"follow","max-snippet":"max-snippet:-1","max-image-preview":"max-image-preview:large","max-video-preview":"max-video-preview:-1"},"canonical":"https:\/\/kucharczyk.pl\/","og_locale":"pl_PL","og_type":"article","og_title":"Aktualno\u015bci - \u015awinouj\u015bcie wczasy nad morzem","og_description":"TOP 10 Ranking polskich pla\u017c 2025 Pla\u017ca w \u015awinouj\u015bciu na 1 miejscu w rankingu polskich pla\u017c wed\u0142ug Travelist.pl Szanowni Pa\u0144stwo, Naszym celem jest zapewnienie pa\u0144stwu jak najwi\u0119kszego komfortu wypoczynku. Oferujemy zakwaterowanie nad Morzem Ba\u0142tyckim w \u015awinouj\u015bciu, zaledwie kilometr od granicy niemieckiej i najpi\u0119kniejszej pla\u017cy w Europie. Do Pa\u0144stwa dyspozycji oferujemy pokoje 2-osobowe oraz 4-osobowe z ... Blog czytaj dalej","og_url":"https:\/\/kucharczyk.pl\/","og_site_name":"\u015awinouj\u015bcie wczasy nad morzem","article_modified_time":"2025-12-04T10:38:28+00:00","og_image":[{"url":"http:\/\/kucharczyk.pl\/wp-content\/uploads\/2025\/03\/jestesmypartnerem.png"}],"twitter_card":"summary_large_image","twitter_misc":{"Szacowany czas czytania":"3 minuty"},"schema":{"@context":"https:\/\/schema.org","@graph":[{"@type":"WebPage","@id":"https:\/\/kucharczyk.pl\/","url":"https:\/\/kucharczyk.pl\/","name":"Aktualno\u015bci - \u015awinouj\u015bcie wczasy nad morzem","isPartOf":{"@id":"https:\/\/kucharczyk.pl\/#website"},"primaryImageOfPage":{"@id":"https:\/\/kucharczyk.pl\/#primaryimage"},"image":{"@id":"https:\/\/kucharczyk.pl\/#primaryimage"},"thumbnailUrl":"http:\/\/kucharczyk.pl\/wp-content\/uploads\/2025\/03\/jestesmypartnerem.png","datePublished":"2019-01-26T22:56:20+00:00","dateModified":"2025-12-04T10:38:28+00:00","breadcrumb":{"@id":"https:\/\/kucharczyk.pl\/#breadcrumb"},"inLanguage":"pl-PL","potentialAction":[{"@type":"ReadAction","target":["https:\/\/kucharczyk.pl\/"]}]},{"@type":"ImageObject","inLanguage":"pl-PL","@id":"https:\/\/kucharczyk.pl\/#primaryimage","url":"https:\/\/kucharczyk.pl\/wp-content\/uploads\/2025\/03\/jestesmypartnerem.png","contentUrl":"https:\/\/kucharczyk.pl\/wp-content\/uploads\/2025\/03\/jestesmypartnerem.png","width":240,"height":120},{"@type":"BreadcrumbList","@id":"https:\/\/kucharczyk.pl\/#breadcrumb","itemListElement":[{"@type":"ListItem","position":1,"name":"Strona g\u0142\u00f3wna","item":"https:\/\/kucharczyk.pl\/"},{"@type":"ListItem","position":2,"name":"Aktualno\u015bci"}]},{"@type":"WebSite","@id":"https:\/\/kucharczyk.pl\/#website","url":"https:\/\/kucharczyk.pl\/","name":"\u015awinouj\u015bcie wczasy nad morzem","description":"Noclegi w pokojach go\u015bcinnych","potentialAction":[{"@type":"SearchAction","target":{"@type":"EntryPoint","urlTemplate":"https:\/\/kucharczyk.pl\/?s={search_term_string}"},"query-input":"required name=search_term_string"}],"inLanguage":"pl-PL"}]}},"_links":{"self":[{"href":"https:\/\/kucharczyk.pl\/index.php?rest_route=\/wp\/v2\/pages\/56","targetHints":{"allow":["GET"]}}],"collection":[{"href":"https:\/\/kucharczyk.pl\/index.php?rest_route=\/wp\/v2\/pages"}],"about":[{"href":"https:\/\/kucharczyk.pl\/index.php?rest_route=\/wp\/v2\/types\/page"}],"author":[{"embeddable":true,"href":"https:\/\/kucharczyk.pl\/index.php?rest_route=\/wp\/v2\/users\/1"}],"replies":[{"embeddable":true,"href":"https:\/\/kucharczyk.pl\/index.php?rest_route=%2Fwp%2Fv2%2Fcomments&post=56"}],"version-history":[{"count":32,"href":"https:\/\/kucharczyk.pl\/index.php?rest_route=\/wp\/v2\/pages\/56\/revisions"}],"predecessor-version":[{"id":1500,"href":"https:\/\/kucharczyk.pl\/index.php?rest_route=\/wp\/v2\/pages\/56\/revisions\/1500"}],"wp:attachment":[{"href":"https:\/\/kucharczyk.pl\/index.php?rest_route=%2Fwp%2Fv2%2Fmedia&parent=56"}],"curies":[{"name":"wp","href":"https:\/\/api.w.org\/{rel}","templated":true}]}}