{"id":78,"date":"2019-01-26T23:13:59","date_gmt":"2019-01-26T23:13:59","guid":{"rendered":"http:\/\/kucharczyk.pl\/?page_id=78"},"modified":"2025-01-20T17:17:27","modified_gmt":"2025-01-20T16:17:27","slug":"kontakt","status":"publish","type":"page","link":"https:\/\/kucharczyk.pl\/?page_id=78","title":{"rendered":"Kontakt"},"content":{"rendered":"\n<p class=\"has-text-align-center\"><strong>sprawy zwi\u0105zane z wynajmem kwater:<\/strong><\/p>\n\n\n\n<p class=\"has-text-align-center\"><strong> Artur Kucharczyk&nbsp; <\/strong><\/p>\n\n\n\n<p class=\"has-text-align-center\"><strong>ul.Staffa 20&nbsp; <\/strong><\/p>\n\n\n\n<p class=\"has-text-align-center\"><strong>72-600 \u015awinouj\u015bcie<\/strong>&nbsp;  <br><a aria-label=\"GPS position Lat. 53\u00b055'200&nbsp; N&nbsp;&nbsp; Long. 14\u00b013'680 E (otwiera si\u0119 na nowej zak\u0142adce)\" href=\"https:\/\/www.openstreetmap.org\/?mlat=53.9201&amp;mlon=14.2282#map=15\/53.9201\/14.2282\" target=\"_blank\" rel=\"noreferrer noopener\"><sup>GPS position Lat. 53\u00b055&#8217;200&nbsp; N&nbsp;&nbsp; Long. 14\u00b013&#8217;680 E<\/sup><\/a>  <\/p>\n\n\n\n<p class=\"has-text-align-center\"><strong>telefon:&nbsp;<mark style=\"background-color:rgba(0, 0, 0, 0)\" class=\"has-inline-color has-vivid-red-color\">+48 600 600 086 <\/mark><\/strong><\/p>\n\n\n\n<p class=\"has-text-align-center\"><strong>email:<\/strong><a href=\"mailto:wczasy@kucharczyk.pl?subject=zapytanie wczasy\"> <\/a><a href=\"mailto:wczasy@kucharczyk.pl\" target=\"_blank\" rel=\"noreferrer noopener\">wczasy@kucharczyk.pl<\/a><\/p>\n\n\n\n<p class=\"has-text-align-center\"><strong>internet:<\/strong> <a aria-label=\" (otwiera si\u0119 na nowej zak\u0142adce)\" href=\"https:\/\/www.kucharczyk.pl\" target=\"_blank\" rel=\"noreferrer noopener\">https:\/\/www.kucharczyk.pl<\/a>  <\/p>\n\n\n\n<hr class=\"wp-block-separator has-css-opacity\"\/>\n\n\n\n<p class=\"has-text-align-center\"><strong>numer konta bankowego do przelew\u00f3w dotycz\u0105cych wynajmu kwater:  <\/strong><br>Artur Kucharczyk Staffa 20 72-600 \u015awinouj\u015bcie <br>PKO BP o\/\u015awinouj\u015bcie\u00a0 nr. konta<strong>\u00a074 1020 4870 0000 5002 0099 3733<\/strong><\/p>\n\n\n\n<hr class=\"wp-block-separator has-css-opacity\"\/>\n\n\n\n<p class=\"has-text-align-center\"><\/p>\n\n\n\n<p class=\"has-text-align-center\">Wpis do ewidencji obiekt\u00f3w hotelarskich i innych obiekt\u00f3w, w kt\u00f3rych \u015bwiadczone s\u0105 us\u0142ugi hotelarskie (Dz.U.Nr 188, poz.1945 z p\u00f3\u017an. zm.) <\/p>\n\n\n\n<p class=\"has-text-align-center\">Sygnatura:  WPT.7334.Pg-14.2021  Rejestr Urz\u0119du Miasta \u015awinouj\u015bcie<\/p>\n\n\n\n<p class=\"has-text-align-center\"><\/p>\n\n\n\n<div style=\"height:100px\" aria-hidden=\"true\" class=\"wp-block-spacer\"><\/div>\n\n\n\n<figure class=\"wp-block-image size-large is-style-rounded\"><img loading=\"lazy\" decoding=\"async\" width=\"1024\" height=\"684\" src=\"http:\/\/kucharczyk.pl\/wp-content\/uploads\/2021\/06\/2021-05-30-13-41-07-1024x684.jpg\" alt=\"\" class=\"wp-image-879\" srcset=\"https:\/\/kucharczyk.pl\/wp-content\/uploads\/2021\/06\/2021-05-30-13-41-07-1024x684.jpg 1024w, https:\/\/kucharczyk.pl\/wp-content\/uploads\/2021\/06\/2021-05-30-13-41-07-300x200.jpg 300w, https:\/\/kucharczyk.pl\/wp-content\/uploads\/2021\/06\/2021-05-30-13-41-07-768x513.jpg 768w, https:\/\/kucharczyk.pl\/wp-content\/uploads\/2021\/06\/2021-05-30-13-41-07-1536x1026.jpg 1536w, https:\/\/kucharczyk.pl\/wp-content\/uploads\/2021\/06\/2021-05-30-13-41-07.jpg 1736w\" sizes=\"auto, (max-width: 1024px) 100vw, 1024px\" \/><\/figure>\n","protected":false},"excerpt":{"rendered":"<p>sprawy zwi\u0105zane z wynajmem kwater: Artur Kucharczyk&nbsp; ul.Staffa 20&nbsp; 72-600 \u015awinouj\u015bcie&nbsp; GPS position Lat. 53\u00b055&#8217;200&nbsp; N&nbsp;&nbsp; Long. 14\u00b013&#8217;680 E telefon:&nbsp;+48 600 600 086 email: wczasy@kucharczyk.pl internet: https:\/\/www.kucharczyk.pl numer konta bankowego do przelew\u00f3w dotycz\u0105cych wynajmu kwater: Artur Kucharczyk Staffa 20 72-600 \u015awinouj\u015bcie PKO BP o\/\u015awinouj\u015bcie\u00a0 nr. konta\u00a074 1020 4870 0000 5002 0099 3733 Wpis do ewidencji &#8230; <a title=\"Kontakt\" class=\"read-more\" href=\"https:\/\/kucharczyk.pl\/?page_id=78\">Blog czytaj dalej <\/a><\/p>\n","protected":false},"author":1,"featured_media":0,"parent":0,"menu_order":0,"comment_status":"closed","ping_status":"closed","template":"","meta":{"footnotes":""},"class_list":["post-78","page","type-page","status-publish"],"yoast_head":"<!-- This site is optimized with the Yoast SEO plugin v23.3 - https:\/\/yoast.com\/wordpress\/plugins\/seo\/ -->\n<title>Kontakt - \u015awinouj\u015bcie wczasy nad morzem<\/title>\n<meta name=\"robots\" content=\"index, follow, max-snippet:-1, max-image-preview:large, max-video-preview:-1\" \/>\n<link rel=\"canonical\" href=\"https:\/\/kucharczyk.pl\/?page_id=78\" \/>\n<meta property=\"og:locale\" content=\"pl_PL\" \/>\n<meta property=\"og:type\" content=\"article\" \/>\n<meta property=\"og:title\" content=\"Kontakt - \u015awinouj\u015bcie wczasy nad morzem\" \/>\n<meta property=\"og:description\" content=\"sprawy zwi\u0105zane z wynajmem kwater: Artur Kucharczyk&nbsp; ul.Staffa 20&nbsp; 72-600 \u015awinouj\u015bcie&nbsp; GPS position Lat. 53\u00b055&#8217;200&nbsp; N&nbsp;&nbsp; Long. 14\u00b013&#8217;680 E telefon:&nbsp;+48 600 600 086 email: wczasy@kucharczyk.pl internet: https:\/\/www.kucharczyk.pl numer konta bankowego do przelew\u00f3w dotycz\u0105cych wynajmu kwater: Artur Kucharczyk Staffa 20 72-600 \u015awinouj\u015bcie PKO BP o\/\u015awinouj\u015bcie\u00a0 nr. konta\u00a074 1020 4870 0000 5002 0099 3733 Wpis do ewidencji ... Blog czytaj dalej\" \/>\n<meta property=\"og:url\" content=\"https:\/\/kucharczyk.pl\/?page_id=78\" \/>\n<meta property=\"og:site_name\" content=\"\u015awinouj\u015bcie wczasy nad morzem\" \/>\n<meta property=\"article:modified_time\" content=\"2025-01-20T16:17:27+00:00\" \/>\n<meta property=\"og:image\" content=\"http:\/\/kucharczyk.pl\/wp-content\/uploads\/2021\/06\/2021-05-30-13-41-07-1024x684.jpg\" \/>\n<meta name=\"twitter:card\" content=\"summary_large_image\" \/>\n<meta name=\"twitter:label1\" content=\"Szacowany czas czytania\" \/>\n\t<meta name=\"twitter:data1\" content=\"1 minuta\" \/>\n<script type=\"application\/ld+json\" class=\"yoast-schema-graph\">{\"@context\":\"https:\/\/schema.org\",\"@graph\":[{\"@type\":\"WebPage\",\"@id\":\"https:\/\/kucharczyk.pl\/?page_id=78\",\"url\":\"https:\/\/kucharczyk.pl\/?page_id=78\",\"name\":\"Kontakt - \u015awinouj\u015bcie wczasy nad morzem\",\"isPartOf\":{\"@id\":\"https:\/\/kucharczyk.pl\/#website\"},\"primaryImageOfPage\":{\"@id\":\"https:\/\/kucharczyk.pl\/?page_id=78#primaryimage\"},\"image\":{\"@id\":\"https:\/\/kucharczyk.pl\/?page_id=78#primaryimage\"},\"thumbnailUrl\":\"http:\/\/kucharczyk.pl\/wp-content\/uploads\/2021\/06\/2021-05-30-13-41-07-1024x684.jpg\",\"datePublished\":\"2019-01-26T23:13:59+00:00\",\"dateModified\":\"2025-01-20T16:17:27+00:00\",\"breadcrumb\":{\"@id\":\"https:\/\/kucharczyk.pl\/?page_id=78#breadcrumb\"},\"inLanguage\":\"pl-PL\",\"potentialAction\":[{\"@type\":\"ReadAction\",\"target\":[\"https:\/\/kucharczyk.pl\/?page_id=78\"]}]},{\"@type\":\"ImageObject\",\"inLanguage\":\"pl-PL\",\"@id\":\"https:\/\/kucharczyk.pl\/?page_id=78#primaryimage\",\"url\":\"http:\/\/kucharczyk.pl\/wp-content\/uploads\/2021\/06\/2021-05-30-13-41-07-1024x684.jpg\",\"contentUrl\":\"http:\/\/kucharczyk.pl\/wp-content\/uploads\/2021\/06\/2021-05-30-13-41-07-1024x684.jpg\"},{\"@type\":\"BreadcrumbList\",\"@id\":\"https:\/\/kucharczyk.pl\/?page_id=78#breadcrumb\",\"itemListElement\":[{\"@type\":\"ListItem\",\"position\":1,\"name\":\"Strona g\u0142\u00f3wna\",\"item\":\"https:\/\/kucharczyk.pl\/\"},{\"@type\":\"ListItem\",\"position\":2,\"name\":\"Kontakt\"}]},{\"@type\":\"WebSite\",\"@id\":\"https:\/\/kucharczyk.pl\/#website\",\"url\":\"https:\/\/kucharczyk.pl\/\",\"name\":\"\u015awinouj\u015bcie wczasy nad morzem\",\"description\":\"Noclegi w pokojach go\u015bcinnych\",\"potentialAction\":[{\"@type\":\"SearchAction\",\"target\":{\"@type\":\"EntryPoint\",\"urlTemplate\":\"https:\/\/kucharczyk.pl\/?s={search_term_string}\"},\"query-input\":\"required name=search_term_string\"}],\"inLanguage\":\"pl-PL\"}]}<\/script>\n<!-- \/ Yoast SEO plugin. -->","yoast_head_json":{"title":"Kontakt - \u015awinouj\u015bcie wczasy nad morzem","robots":{"index":"index","follow":"follow","max-snippet":"max-snippet:-1","max-image-preview":"max-image-preview:large","max-video-preview":"max-video-preview:-1"},"canonical":"https:\/\/kucharczyk.pl\/?page_id=78","og_locale":"pl_PL","og_type":"article","og_title":"Kontakt - \u015awinouj\u015bcie wczasy nad morzem","og_description":"sprawy zwi\u0105zane z wynajmem kwater: Artur Kucharczyk&nbsp; ul.Staffa 20&nbsp; 72-600 \u015awinouj\u015bcie&nbsp; GPS position Lat. 53\u00b055&#8217;200&nbsp; N&nbsp;&nbsp; Long. 14\u00b013&#8217;680 E telefon:&nbsp;+48 600 600 086 email: wczasy@kucharczyk.pl internet: https:\/\/www.kucharczyk.pl numer konta bankowego do przelew\u00f3w dotycz\u0105cych wynajmu kwater: Artur Kucharczyk Staffa 20 72-600 \u015awinouj\u015bcie PKO BP o\/\u015awinouj\u015bcie\u00a0 nr. konta\u00a074 1020 4870 0000 5002 0099 3733 Wpis do ewidencji ... Blog czytaj dalej","og_url":"https:\/\/kucharczyk.pl\/?page_id=78","og_site_name":"\u015awinouj\u015bcie wczasy nad morzem","article_modified_time":"2025-01-20T16:17:27+00:00","og_image":[{"url":"http:\/\/kucharczyk.pl\/wp-content\/uploads\/2021\/06\/2021-05-30-13-41-07-1024x684.jpg"}],"twitter_card":"summary_large_image","twitter_misc":{"Szacowany czas czytania":"1 minuta"},"schema":{"@context":"https:\/\/schema.org","@graph":[{"@type":"WebPage","@id":"https:\/\/kucharczyk.pl\/?page_id=78","url":"https:\/\/kucharczyk.pl\/?page_id=78","name":"Kontakt - \u015awinouj\u015bcie wczasy nad morzem","isPartOf":{"@id":"https:\/\/kucharczyk.pl\/#website"},"primaryImageOfPage":{"@id":"https:\/\/kucharczyk.pl\/?page_id=78#primaryimage"},"image":{"@id":"https:\/\/kucharczyk.pl\/?page_id=78#primaryimage"},"thumbnailUrl":"http:\/\/kucharczyk.pl\/wp-content\/uploads\/2021\/06\/2021-05-30-13-41-07-1024x684.jpg","datePublished":"2019-01-26T23:13:59+00:00","dateModified":"2025-01-20T16:17:27+00:00","breadcrumb":{"@id":"https:\/\/kucharczyk.pl\/?page_id=78#breadcrumb"},"inLanguage":"pl-PL","potentialAction":[{"@type":"ReadAction","target":["https:\/\/kucharczyk.pl\/?page_id=78"]}]},{"@type":"ImageObject","inLanguage":"pl-PL","@id":"https:\/\/kucharczyk.pl\/?page_id=78#primaryimage","url":"http:\/\/kucharczyk.pl\/wp-content\/uploads\/2021\/06\/2021-05-30-13-41-07-1024x684.jpg","contentUrl":"http:\/\/kucharczyk.pl\/wp-content\/uploads\/2021\/06\/2021-05-30-13-41-07-1024x684.jpg"},{"@type":"BreadcrumbList","@id":"https:\/\/kucharczyk.pl\/?page_id=78#breadcrumb","itemListElement":[{"@type":"ListItem","position":1,"name":"Strona g\u0142\u00f3wna","item":"https:\/\/kucharczyk.pl\/"},{"@type":"ListItem","position":2,"name":"Kontakt"}]},{"@type":"WebSite","@id":"https:\/\/kucharczyk.pl\/#website","url":"https:\/\/kucharczyk.pl\/","name":"\u015awinouj\u015bcie wczasy nad morzem","description":"Noclegi w pokojach go\u015bcinnych","potentialAction":[{"@type":"SearchAction","target":{"@type":"EntryPoint","urlTemplate":"https:\/\/kucharczyk.pl\/?s={search_term_string}"},"query-input":"required name=search_term_string"}],"inLanguage":"pl-PL"}]}},"_links":{"self":[{"href":"https:\/\/kucharczyk.pl\/index.php?rest_route=\/wp\/v2\/pages\/78","targetHints":{"allow":["GET"]}}],"collection":[{"href":"https:\/\/kucharczyk.pl\/index.php?rest_route=\/wp\/v2\/pages"}],"about":[{"href":"https:\/\/kucharczyk.pl\/index.php?rest_route=\/wp\/v2\/types\/page"}],"author":[{"embeddable":true,"href":"https:\/\/kucharczyk.pl\/index.php?rest_route=\/wp\/v2\/users\/1"}],"replies":[{"embeddable":true,"href":"https:\/\/kucharczyk.pl\/index.php?rest_route=%2Fwp%2Fv2%2Fcomments&post=78"}],"version-history":[{"count":31,"href":"https:\/\/kucharczyk.pl\/index.php?rest_route=\/wp\/v2\/pages\/78\/revisions"}],"predecessor-version":[{"id":1394,"href":"https:\/\/kucharczyk.pl\/index.php?rest_route=\/wp\/v2\/pages\/78\/revisions\/1394"}],"wp:attachment":[{"href":"https:\/\/kucharczyk.pl\/index.php?rest_route=%2Fwp%2Fv2%2Fmedia&parent=78"}],"curies":[{"name":"wp","href":"https:\/\/api.w.org\/{rel}","templated":true}]}}