{"id":843,"date":"2021-06-06T17:31:27","date_gmt":"2021-06-06T16:31:27","guid":{"rendered":"https:\/\/kucharczyk.pl\/?page_id=843"},"modified":"2025-01-12T14:55:05","modified_gmt":"2025-01-12T13:55:05","slug":"kamery-on-line","status":"publish","type":"page","link":"https:\/\/kucharczyk.pl\/?page_id=843","title":{"rendered":"Kamery on-line"},"content":{"rendered":"\n<ul class=\"wp-block-list\">\n<li><a href=\"https:\/\/www.fotograf.stargard.pl\/panoramy\/\u015awinouj\u015bcie2024.html\" target=\"_blank\" rel=\"noreferrer noopener nofollow\">P<\/a><a href=\"https:\/\/www.fotograf.stargard.pl\/panoramy\/%C5%9Awinouj%C5%9Bcie2024.html\" target=\"_blank\" rel=\"noreferrer noopener nofollow\">anorama \u015awinouj\u015bcia 360<\/a><\/li>\n\n\n\n<li><a href=\"https:\/\/grupamorska.pl\/kamery\/\" target=\"_blank\" rel=\"noreferrer noopener nofollow\">Kilka kamer na \u015awinouj\u015bcie na stronie grupamorska.pl<\/a><\/li>\n\n\n\n<li><a href=\"https:\/\/imageserver.webcamera.pl\/umiesc\/swinoujscie\" target=\"_blank\" rel=\"noreferrer noopener nofollow\">Pla\u017ca widok z hotelu &#8222;Radisson Blu&#8221;<\/a><\/li>\n\n\n\n<li><a href=\"https:\/\/www.slowianin.pl\/o-spoldzielni\/kamera-swi-on-line\" target=\"_blank\" rel=\"noreferrer noopener nofollow\">Kamera on-line 360<\/a><\/li>\n<\/ul>\n\n\n\n<p><\/p>\n","protected":false},"excerpt":{"rendered":"","protected":false},"author":1,"featured_media":0,"parent":0,"menu_order":0,"comment_status":"closed","ping_status":"closed","template":"","meta":{"footnotes":""},"class_list":["post-843","page","type-page","status-publish"],"yoast_head":"<!-- This site is optimized with the Yoast SEO plugin v23.3 - https:\/\/yoast.com\/wordpress\/plugins\/seo\/ -->\n<title>Kamery on-line - \u015awinouj\u015bcie wczasy nad morzem<\/title>\n<meta name=\"robots\" content=\"index, follow, max-snippet:-1, max-image-preview:large, max-video-preview:-1\" \/>\n<link rel=\"canonical\" href=\"https:\/\/kucharczyk.pl\/?page_id=843\" \/>\n<meta property=\"og:locale\" content=\"pl_PL\" \/>\n<meta property=\"og:type\" content=\"article\" \/>\n<meta property=\"og:title\" content=\"Kamery on-line - \u015awinouj\u015bcie wczasy nad morzem\" \/>\n<meta property=\"og:url\" content=\"https:\/\/kucharczyk.pl\/?page_id=843\" \/>\n<meta property=\"og:site_name\" content=\"\u015awinouj\u015bcie wczasy nad morzem\" \/>\n<meta property=\"article:modified_time\" content=\"2025-01-12T13:55:05+00:00\" \/>\n<meta name=\"twitter:card\" content=\"summary_large_image\" \/>\n<meta name=\"twitter:label1\" content=\"Szacowany czas czytania\" \/>\n\t<meta name=\"twitter:data1\" content=\"1 minuta\" \/>\n<script type=\"application\/ld+json\" class=\"yoast-schema-graph\">{\"@context\":\"https:\/\/schema.org\",\"@graph\":[{\"@type\":\"WebPage\",\"@id\":\"https:\/\/kucharczyk.pl\/?page_id=843\",\"url\":\"https:\/\/kucharczyk.pl\/?page_id=843\",\"name\":\"Kamery on-line - \u015awinouj\u015bcie wczasy nad morzem\",\"isPartOf\":{\"@id\":\"https:\/\/kucharczyk.pl\/#website\"},\"datePublished\":\"2021-06-06T16:31:27+00:00\",\"dateModified\":\"2025-01-12T13:55:05+00:00\",\"breadcrumb\":{\"@id\":\"https:\/\/kucharczyk.pl\/?page_id=843#breadcrumb\"},\"inLanguage\":\"pl-PL\",\"potentialAction\":[{\"@type\":\"ReadAction\",\"target\":[\"https:\/\/kucharczyk.pl\/?page_id=843\"]}]},{\"@type\":\"BreadcrumbList\",\"@id\":\"https:\/\/kucharczyk.pl\/?page_id=843#breadcrumb\",\"itemListElement\":[{\"@type\":\"ListItem\",\"position\":1,\"name\":\"Strona g\u0142\u00f3wna\",\"item\":\"https:\/\/kucharczyk.pl\/\"},{\"@type\":\"ListItem\",\"position\":2,\"name\":\"Kamery on-line\"}]},{\"@type\":\"WebSite\",\"@id\":\"https:\/\/kucharczyk.pl\/#website\",\"url\":\"https:\/\/kucharczyk.pl\/\",\"name\":\"\u015awinouj\u015bcie wczasy nad morzem\",\"description\":\"Noclegi w pokojach go\u015bcinnych\",\"potentialAction\":[{\"@type\":\"SearchAction\",\"target\":{\"@type\":\"EntryPoint\",\"urlTemplate\":\"https:\/\/kucharczyk.pl\/?s={search_term_string}\"},\"query-input\":\"required name=search_term_string\"}],\"inLanguage\":\"pl-PL\"}]}<\/script>\n<!-- \/ Yoast SEO plugin. -->","yoast_head_json":{"title":"Kamery on-line - \u015awinouj\u015bcie wczasy nad morzem","robots":{"index":"index","follow":"follow","max-snippet":"max-snippet:-1","max-image-preview":"max-image-preview:large","max-video-preview":"max-video-preview:-1"},"canonical":"https:\/\/kucharczyk.pl\/?page_id=843","og_locale":"pl_PL","og_type":"article","og_title":"Kamery on-line - \u015awinouj\u015bcie wczasy nad morzem","og_url":"https:\/\/kucharczyk.pl\/?page_id=843","og_site_name":"\u015awinouj\u015bcie wczasy nad morzem","article_modified_time":"2025-01-12T13:55:05+00:00","twitter_card":"summary_large_image","twitter_misc":{"Szacowany czas czytania":"1 minuta"},"schema":{"@context":"https:\/\/schema.org","@graph":[{"@type":"WebPage","@id":"https:\/\/kucharczyk.pl\/?page_id=843","url":"https:\/\/kucharczyk.pl\/?page_id=843","name":"Kamery on-line - \u015awinouj\u015bcie wczasy nad morzem","isPartOf":{"@id":"https:\/\/kucharczyk.pl\/#website"},"datePublished":"2021-06-06T16:31:27+00:00","dateModified":"2025-01-12T13:55:05+00:00","breadcrumb":{"@id":"https:\/\/kucharczyk.pl\/?page_id=843#breadcrumb"},"inLanguage":"pl-PL","potentialAction":[{"@type":"ReadAction","target":["https:\/\/kucharczyk.pl\/?page_id=843"]}]},{"@type":"BreadcrumbList","@id":"https:\/\/kucharczyk.pl\/?page_id=843#breadcrumb","itemListElement":[{"@type":"ListItem","position":1,"name":"Strona g\u0142\u00f3wna","item":"https:\/\/kucharczyk.pl\/"},{"@type":"ListItem","position":2,"name":"Kamery on-line"}]},{"@type":"WebSite","@id":"https:\/\/kucharczyk.pl\/#website","url":"https:\/\/kucharczyk.pl\/","name":"\u015awinouj\u015bcie wczasy nad morzem","description":"Noclegi w pokojach go\u015bcinnych","potentialAction":[{"@type":"SearchAction","target":{"@type":"EntryPoint","urlTemplate":"https:\/\/kucharczyk.pl\/?s={search_term_string}"},"query-input":"required name=search_term_string"}],"inLanguage":"pl-PL"}]}},"_links":{"self":[{"href":"https:\/\/kucharczyk.pl\/index.php?rest_route=\/wp\/v2\/pages\/843","targetHints":{"allow":["GET"]}}],"collection":[{"href":"https:\/\/kucharczyk.pl\/index.php?rest_route=\/wp\/v2\/pages"}],"about":[{"href":"https:\/\/kucharczyk.pl\/index.php?rest_route=\/wp\/v2\/types\/page"}],"author":[{"embeddable":true,"href":"https:\/\/kucharczyk.pl\/index.php?rest_route=\/wp\/v2\/users\/1"}],"replies":[{"embeddable":true,"href":"https:\/\/kucharczyk.pl\/index.php?rest_route=%2Fwp%2Fv2%2Fcomments&post=843"}],"version-history":[{"count":11,"href":"https:\/\/kucharczyk.pl\/index.php?rest_route=\/wp\/v2\/pages\/843\/revisions"}],"predecessor-version":[{"id":1386,"href":"https:\/\/kucharczyk.pl\/index.php?rest_route=\/wp\/v2\/pages\/843\/revisions\/1386"}],"wp:attachment":[{"href":"https:\/\/kucharczyk.pl\/index.php?rest_route=%2Fwp%2Fv2%2Fmedia&parent=843"}],"curies":[{"name":"wp","href":"https:\/\/api.w.org\/{rel}","templated":true}]}}